{"id":1654,"date":"2021-09-27T17:39:21","date_gmt":"2021-09-27T17:39:21","guid":{"rendered":"https:\/\/ambikostudio.com\/?post_type=product&#038;p=1654"},"modified":"2025-12-15T20:40:36","modified_gmt":"2025-12-15T20:40:36","slug":"marron-55x55","status":"publish","type":"product","link":"https:\/\/ambikostudio.com\/eu\/produktua\/marron-55x55\/","title":{"rendered":"MARROIA 55X55"},"content":{"rendered":"<p><strong>% 100 Habotai 8 zetazko zapia, tamaina 55x55cm <\/strong><\/p>\n<p><strong>Uretan eta azidoan oinarritutako tindagaiekin eta baita tindagai naturalekin ere eskuz margotuak. <\/strong><\/p>\n<p><strong>Artisau-zapiak direnez, ez daude bi berdin, pieza paregabeak dira. <\/strong><\/p>\n<p><strong>Zure gustoko zapi berezi bat nahi baduzu, jarri harremanetan nirekin.\u00a0 <\/strong><\/p>\n<p><strong>Marrazkiak pertsonalizatuz gero edo motibo bat aukeratuz gero, prezioa zehaztuko da.\u00a0<\/strong><\/p>","protected":false},"excerpt":{"rendered":"<p><strong>% 100 Habotai 8 zetazko zapia, tamaina 55x55cm <\/strong><\/p>\n<p><strong>Uretan eta azidoan oinarritutako tindagaiekin eta baita tindagai naturalekin ere eskuz margotuak. <\/strong><\/p>\n<p><strong>Artisau-zapiak direnez, ez daude bi berdin, pieza paregabeak dira. <\/strong><\/p>\n<p><strong>Zure gustoko zapi berezi bat nahi baduzu, jarri harremanetan nirekin.\u00a0 <\/strong><\/p>\n<p><strong>Marrazkiak pertsonalizatuz gero edo motibo bat aukeratuz gero, prezioa zehaztuko da.\u00a0<\/strong><\/p>","protected":false},"featured_media":1628,"comment_status":"open","ping_status":"closed","template":"","meta":[],"product_cat":[167,20,50],"product_tag":[],"yoast_head":"<!-- This site is optimized with the Yoast SEO plugin v21.9.1 - https:\/\/yoast.com\/wordpress\/plugins\/seo\/ -->\n<title>MARRON 55x55 - AM Biko Studio<\/title>\n<meta name=\"robots\" content=\"index, follow, max-snippet:-1, max-image-preview:large, max-video-preview:-1\" \/>\n<link rel=\"canonical\" href=\"https:\/\/ambikostudio.com\/eu\/produktua\/marron-55x55\/\" \/>\n<meta property=\"og:locale\" content=\"en_US\" \/>\n<meta property=\"og:type\" content=\"article\" \/>\n<meta property=\"og:title\" content=\"MARRON 55x55 - AM Biko Studio\" \/>\n<meta property=\"og:description\" content=\"Pa\u00f1uelo 100% seda Habotai 8, tama\u00f1o 55x55cm   Pintado a mano con tintes al agua, al acido y tintes naturales   Al ser pa\u00f1uelos artesanales, no hay dos iguales, son piezas \u00fanicas.   Si quieres uno especial a tu gusto no dudes en ponerte en contacto conmigo\u00a0   En caso de personalizar\u00a0 los dibujos o elegir un motivo se concretar\u00e1 el precio.\u00a0\" \/>\n<meta property=\"og:url\" content=\"https:\/\/ambikostudio.com\/eu\/produktua\/marron-55x55\/\" \/>\n<meta property=\"og:site_name\" content=\"AM Biko Studio\" \/>\n<meta property=\"article:publisher\" content=\"https:\/\/www.facebook.com\/ambikostudio\" \/>\n<meta property=\"article:modified_time\" content=\"2025-12-15T20:40:36+00:00\" \/>\n<meta property=\"og:image\" content=\"https:\/\/ambikostudio.com\/wp-content\/uploads\/2021\/09\/IMG_20210918_193344_754.jpg\" \/>\n\t<meta property=\"og:image:width\" content=\"550\" \/>\n\t<meta property=\"og:image:height\" content=\"550\" \/>\n\t<meta property=\"og:image:type\" content=\"image\/jpeg\" \/>\n<meta name=\"twitter:card\" content=\"summary_large_image\" \/>\n<meta name=\"twitter:label1\" content=\"Est. reading time\" \/>\n\t<meta name=\"twitter:data1\" content=\"1 minutua\" \/>\n<script type=\"application\/ld+json\" class=\"yoast-schema-graph\">{\"@context\":\"https:\/\/schema.org\",\"@graph\":[{\"@type\":\"WebPage\",\"@id\":\"https:\/\/ambikostudio.com\/producto\/marron-55x55\/\",\"url\":\"https:\/\/ambikostudio.com\/producto\/marron-55x55\/\",\"name\":\"MARRON 55x55 - AM Biko Studio\",\"isPartOf\":{\"@id\":\"https:\/\/ambikostudio.com\/#website\"},\"datePublished\":\"2021-09-27T17:39:21+00:00\",\"dateModified\":\"2025-12-15T20:40:36+00:00\",\"breadcrumb\":{\"@id\":\"https:\/\/ambikostudio.com\/producto\/marron-55x55\/#breadcrumb\"},\"inLanguage\":\"eu\",\"potentialAction\":[{\"@type\":\"ReadAction\",\"target\":[\"https:\/\/ambikostudio.com\/producto\/marron-55x55\/\"]}]},{\"@type\":\"BreadcrumbList\",\"@id\":\"https:\/\/ambikostudio.com\/producto\/marron-55x55\/#breadcrumb\",\"itemListElement\":[{\"@type\":\"ListItem\",\"position\":1,\"name\":\"inicio\",\"item\":\"https:\/\/ambikostudio.com\/\"},{\"@type\":\"ListItem\",\"position\":2,\"name\":\"Tienda\",\"item\":\"https:\/\/ambikostudio.com\/tienda\/\"},{\"@type\":\"ListItem\",\"position\":3,\"name\":\"Telas Recicladas\",\"item\":\"https:\/\/ambikostudio.com\/categoria-producto\/telas-recicladas\/\"},{\"@type\":\"ListItem\",\"position\":4,\"name\":\"Pa\u00f1uelos \/ Zapiak\",\"item\":\"https:\/\/ambikostudio.com\/categoria-producto\/telas-recicladas\/panuelos\/\"},{\"@type\":\"ListItem\",\"position\":5,\"name\":\"Pa\u00f1uelos Seda 55x55cm\",\"item\":\"https:\/\/ambikostudio.com\/categoria-producto\/telas-recicladas\/panuelos\/seda-habotai-tamano-55x55cm\/\"},{\"@type\":\"ListItem\",\"position\":6,\"name\":\"MARRON 55&#215;55\"}]},{\"@type\":\"WebSite\",\"@id\":\"https:\/\/ambikostudio.com\/#website\",\"url\":\"https:\/\/ambikostudio.com\/\",\"name\":\"AM Biko Studio\",\"description\":\"Dise\u00f1adora artesana de alpargatas y textil\",\"potentialAction\":[{\"@type\":\"SearchAction\",\"target\":{\"@type\":\"EntryPoint\",\"urlTemplate\":\"https:\/\/ambikostudio.com\/?s={search_term_string}\"},\"query-input\":\"required name=search_term_string\"}],\"inLanguage\":\"eu\"}]}<\/script>\n<!-- \/ Yoast SEO plugin. -->","yoast_head_json":{"title":"MARRON 55x55 - AM Biko Studio","robots":{"index":"index","follow":"follow","max-snippet":"max-snippet:-1","max-image-preview":"max-image-preview:large","max-video-preview":"max-video-preview:-1"},"canonical":"https:\/\/ambikostudio.com\/eu\/produktua\/marron-55x55\/","og_locale":"en_US","og_type":"article","og_title":"MARRON 55x55 - AM Biko Studio","og_description":"Pa\u00f1uelo 100% seda Habotai 8, tama\u00f1o 55x55cm   Pintado a mano con tintes al agua, al acido y tintes naturales   Al ser pa\u00f1uelos artesanales, no hay dos iguales, son piezas \u00fanicas.   Si quieres uno especial a tu gusto no dudes en ponerte en contacto conmigo\u00a0   En caso de personalizar\u00a0 los dibujos o elegir un motivo se concretar\u00e1 el precio.\u00a0","og_url":"https:\/\/ambikostudio.com\/eu\/produktua\/marron-55x55\/","og_site_name":"AM Biko Studio","article_publisher":"https:\/\/www.facebook.com\/ambikostudio","article_modified_time":"2025-12-15T20:40:36+00:00","og_image":[{"width":550,"height":550,"url":"https:\/\/ambikostudio.com\/wp-content\/uploads\/2021\/09\/IMG_20210918_193344_754.jpg","type":"image\/jpeg"}],"twitter_card":"summary_large_image","twitter_misc":{"Est. reading time":"1 minutua"},"schema":{"@context":"https:\/\/schema.org","@graph":[{"@type":"WebPage","@id":"https:\/\/ambikostudio.com\/producto\/marron-55x55\/","url":"https:\/\/ambikostudio.com\/producto\/marron-55x55\/","name":"MARRON 55x55 - AM Biko Studio","isPartOf":{"@id":"https:\/\/ambikostudio.com\/#website"},"datePublished":"2021-09-27T17:39:21+00:00","dateModified":"2025-12-15T20:40:36+00:00","breadcrumb":{"@id":"https:\/\/ambikostudio.com\/producto\/marron-55x55\/#breadcrumb"},"inLanguage":"eu","potentialAction":[{"@type":"ReadAction","target":["https:\/\/ambikostudio.com\/producto\/marron-55x55\/"]}]},{"@type":"BreadcrumbList","@id":"https:\/\/ambikostudio.com\/producto\/marron-55x55\/#breadcrumb","itemListElement":[{"@type":"ListItem","position":1,"name":"inicio","item":"https:\/\/ambikostudio.com\/"},{"@type":"ListItem","position":2,"name":"Tienda","item":"https:\/\/ambikostudio.com\/tienda\/"},{"@type":"ListItem","position":3,"name":"Telas Recicladas","item":"https:\/\/ambikostudio.com\/categoria-producto\/telas-recicladas\/"},{"@type":"ListItem","position":4,"name":"Pa\u00f1uelos \/ Zapiak","item":"https:\/\/ambikostudio.com\/categoria-producto\/telas-recicladas\/panuelos\/"},{"@type":"ListItem","position":5,"name":"Pa\u00f1uelos Seda 55x55cm","item":"https:\/\/ambikostudio.com\/categoria-producto\/telas-recicladas\/panuelos\/seda-habotai-tamano-55x55cm\/"},{"@type":"ListItem","position":6,"name":"MARRON 55&#215;55"}]},{"@type":"WebSite","@id":"https:\/\/ambikostudio.com\/#website","url":"https:\/\/ambikostudio.com\/","name":"AM Biko Studio","description":"Dise\u00f1adora artesana de alpargatas y textil","potentialAction":[{"@type":"SearchAction","target":{"@type":"EntryPoint","urlTemplate":"https:\/\/ambikostudio.com\/?s={search_term_string}"},"query-input":"required name=search_term_string"}],"inLanguage":"eu"}]}},"_links":{"self":[{"href":"https:\/\/ambikostudio.com\/eu\/wp-json\/wp\/v2\/product\/1654"}],"collection":[{"href":"https:\/\/ambikostudio.com\/eu\/wp-json\/wp\/v2\/product"}],"about":[{"href":"https:\/\/ambikostudio.com\/eu\/wp-json\/wp\/v2\/types\/product"}],"replies":[{"embeddable":true,"href":"https:\/\/ambikostudio.com\/eu\/wp-json\/wp\/v2\/comments?post=1654"}],"wp:featuredmedia":[{"embeddable":true,"href":"https:\/\/ambikostudio.com\/eu\/wp-json\/wp\/v2\/media\/1628"}],"wp:attachment":[{"href":"https:\/\/ambikostudio.com\/eu\/wp-json\/wp\/v2\/media?parent=1654"}],"wp:term":[{"taxonomy":"product_cat","embeddable":true,"href":"https:\/\/ambikostudio.com\/eu\/wp-json\/wp\/v2\/product_cat?post=1654"},{"taxonomy":"product_tag","embeddable":true,"href":"https:\/\/ambikostudio.com\/eu\/wp-json\/wp\/v2\/product_tag?post=1654"}],"curies":[{"name":"wp","href":"https:\/\/api.w.org\/{rel}","templated":true}]}}