{"id":2264,"date":"2022-11-30T17:46:37","date_gmt":"2022-11-30T17:46:37","guid":{"rendered":"https:\/\/ambikostudio.com\/?post_type=product&#038;p=2264"},"modified":"2024-05-10T15:25:51","modified_gmt":"2024-05-10T15:25:51","slug":"panuelo-fruto-rojo","status":"publish","type":"product","link":"https:\/\/ambikostudio.com\/eu\/produktua\/panuelo-fruto-rojo\/","title":{"rendered":"FRUITU GORRI ZAPIA"},"content":{"rendered":"<p>Eskuz margotutako zetaren (Gasa Chiffon 180x90) % 100eko zapia; erabilitako tinduak naturalak edo H.DUPONT markakoak dira; azken hauek oso kontzentratuak dira, ur-oinarriarekin, eta ez diote inguruneari eragiten.<\/p>\n<p>Artisau-zapiak direnez, ez daude bi berdin, pieza paregabeak dira. Zure gustoso zapi berezi bat nahi baduzu,zalantzarik gabe jarri nirekin harremanetan.<\/p>","protected":false},"excerpt":{"rendered":"<p>Pa\u00f1uelo 100% seda \u00a0(Gasa Chif\u00f3n 180&#215;90) pintado a mano, los tintes usados son naturales o de la marca\u00a0 H. DUPONT; estos \u00faltimos son altamente concentrados, con base de agua y no afectan al medio ambiente. Al ser pa\u00f1uelos artesanales, no hay dos iguales, son piezas \u00fanicas. Si quieres uno especial a tu gusto no dudes [&hellip;]<\/p>","protected":false},"featured_media":2204,"comment_status":"open","ping_status":"closed","template":"","meta":[],"product_cat":[165,167,20,55],"product_tag":[],"yoast_head":"<!-- This site is optimized with the Yoast SEO plugin v21.9.1 - https:\/\/yoast.com\/wordpress\/plugins\/seo\/ -->\n<title>PA\u00d1UELO FRUTO ROJO - AM Biko Studio<\/title>\n<meta name=\"description\" content=\"Pa\u00f1uelo fruto rojo. Pa\u00f1uelo 100% seda \u00a0(Gasa Chif\u00f3n 180x90) pintado a mano, los tintes usados son naturales o de la marca\u00a0 H. DUPONT\" \/>\n<meta name=\"robots\" content=\"index, follow, max-snippet:-1, max-image-preview:large, max-video-preview:-1\" \/>\n<link rel=\"canonical\" href=\"https:\/\/ambikostudio.com\/eu\/produktua\/panuelo-fruto-rojo\/\" \/>\n<meta property=\"og:locale\" content=\"en_US\" \/>\n<meta property=\"og:type\" content=\"article\" \/>\n<meta property=\"og:title\" content=\"PA\u00d1UELO FRUTO ROJO - AM Biko Studio\" \/>\n<meta property=\"og:description\" content=\"Pa\u00f1uelo fruto rojo. Pa\u00f1uelo 100% seda \u00a0(Gasa Chif\u00f3n 180x90) pintado a mano, los tintes usados son naturales o de la marca\u00a0 H. DUPONT\" \/>\n<meta property=\"og:url\" content=\"https:\/\/ambikostudio.com\/eu\/produktua\/panuelo-fruto-rojo\/\" \/>\n<meta property=\"og:site_name\" content=\"AM Biko Studio\" \/>\n<meta property=\"article:publisher\" content=\"https:\/\/www.facebook.com\/ambikostudio\" \/>\n<meta property=\"article:modified_time\" content=\"2024-05-10T15:25:51+00:00\" \/>\n<meta property=\"og:image\" content=\"https:\/\/ambikostudio.com\/wp-content\/uploads\/2021\/11\/Gasa-chifon-seda-100fruto2.jpg\" \/>\n\t<meta property=\"og:image:width\" content=\"665\" \/>\n\t<meta property=\"og:image:height\" content=\"635\" \/>\n\t<meta property=\"og:image:type\" content=\"image\/jpeg\" \/>\n<meta name=\"twitter:card\" content=\"summary_large_image\" \/>\n<meta name=\"twitter:label1\" content=\"Est. reading time\" \/>\n\t<meta name=\"twitter:data1\" content=\"1 minutua\" \/>\n<script type=\"application\/ld+json\" class=\"yoast-schema-graph\">{\"@context\":\"https:\/\/schema.org\",\"@graph\":[{\"@type\":\"WebPage\",\"@id\":\"https:\/\/ambikostudio.com\/producto\/panuelo-fruto-rojo\/\",\"url\":\"https:\/\/ambikostudio.com\/producto\/panuelo-fruto-rojo\/\",\"name\":\"PA\u00d1UELO FRUTO ROJO - AM Biko Studio\",\"isPartOf\":{\"@id\":\"https:\/\/ambikostudio.com\/#website\"},\"datePublished\":\"2022-11-30T17:46:37+00:00\",\"dateModified\":\"2024-05-10T15:25:51+00:00\",\"description\":\"Pa\u00f1uelo fruto rojo. Pa\u00f1uelo 100% seda \u00a0(Gasa Chif\u00f3n 180x90) pintado a mano, los tintes usados son naturales o de la marca\u00a0 H. DUPONT\",\"breadcrumb\":{\"@id\":\"https:\/\/ambikostudio.com\/producto\/panuelo-fruto-rojo\/#breadcrumb\"},\"inLanguage\":\"eu\",\"potentialAction\":[{\"@type\":\"ReadAction\",\"target\":[\"https:\/\/ambikostudio.com\/producto\/panuelo-fruto-rojo\/\"]}]},{\"@type\":\"BreadcrumbList\",\"@id\":\"https:\/\/ambikostudio.com\/producto\/panuelo-fruto-rojo\/#breadcrumb\",\"itemListElement\":[{\"@type\":\"ListItem\",\"position\":1,\"name\":\"inicio\",\"item\":\"https:\/\/ambikostudio.com\/\"},{\"@type\":\"ListItem\",\"position\":2,\"name\":\"Tienda\",\"item\":\"https:\/\/ambikostudio.com\/tienda\/\"},{\"@type\":\"ListItem\",\"position\":3,\"name\":\"Telas Recicladas\",\"item\":\"https:\/\/ambikostudio.com\/categoria-producto\/telas-recicladas\/\"},{\"@type\":\"ListItem\",\"position\":4,\"name\":\"Pa\u00f1uelos \/ Zapiak\",\"item\":\"https:\/\/ambikostudio.com\/categoria-producto\/telas-recicladas\/panuelos\/\"},{\"@type\":\"ListItem\",\"position\":5,\"name\":\"Pa\u00f1uelos 180\u00d790\",\"item\":\"https:\/\/ambikostudio.com\/categoria-producto\/telas-recicladas\/panuelos\/panuelo-crep-georgette-180x90\/\"},{\"@type\":\"ListItem\",\"position\":6,\"name\":\"PA\u00d1UELO FRUTO ROJO\"}]},{\"@type\":\"WebSite\",\"@id\":\"https:\/\/ambikostudio.com\/#website\",\"url\":\"https:\/\/ambikostudio.com\/\",\"name\":\"AM Biko Studio\",\"description\":\"Dise\u00f1adora artesana de alpargatas y textil\",\"potentialAction\":[{\"@type\":\"SearchAction\",\"target\":{\"@type\":\"EntryPoint\",\"urlTemplate\":\"https:\/\/ambikostudio.com\/?s={search_term_string}\"},\"query-input\":\"required name=search_term_string\"}],\"inLanguage\":\"eu\"}]}<\/script>\n<!-- \/ Yoast SEO plugin. -->","yoast_head_json":{"title":"PA\u00d1UELO FRUTO ROJO - AM Biko Studio","description":"Pa\u00f1uelo fruto rojo. Pa\u00f1uelo 100% seda \u00a0(Gasa Chif\u00f3n 180x90) pintado a mano, los tintes usados son naturales o de la marca\u00a0 H. DUPONT","robots":{"index":"index","follow":"follow","max-snippet":"max-snippet:-1","max-image-preview":"max-image-preview:large","max-video-preview":"max-video-preview:-1"},"canonical":"https:\/\/ambikostudio.com\/eu\/produktua\/panuelo-fruto-rojo\/","og_locale":"en_US","og_type":"article","og_title":"PA\u00d1UELO FRUTO ROJO - AM Biko Studio","og_description":"Pa\u00f1uelo fruto rojo. Pa\u00f1uelo 100% seda \u00a0(Gasa Chif\u00f3n 180x90) pintado a mano, los tintes usados son naturales o de la marca\u00a0 H. DUPONT","og_url":"https:\/\/ambikostudio.com\/eu\/produktua\/panuelo-fruto-rojo\/","og_site_name":"AM Biko Studio","article_publisher":"https:\/\/www.facebook.com\/ambikostudio","article_modified_time":"2024-05-10T15:25:51+00:00","og_image":[{"width":665,"height":635,"url":"https:\/\/ambikostudio.com\/wp-content\/uploads\/2021\/11\/Gasa-chifon-seda-100fruto2.jpg","type":"image\/jpeg"}],"twitter_card":"summary_large_image","twitter_misc":{"Est. reading time":"1 minutua"},"schema":{"@context":"https:\/\/schema.org","@graph":[{"@type":"WebPage","@id":"https:\/\/ambikostudio.com\/producto\/panuelo-fruto-rojo\/","url":"https:\/\/ambikostudio.com\/producto\/panuelo-fruto-rojo\/","name":"PA\u00d1UELO FRUTO ROJO - AM Biko Studio","isPartOf":{"@id":"https:\/\/ambikostudio.com\/#website"},"datePublished":"2022-11-30T17:46:37+00:00","dateModified":"2024-05-10T15:25:51+00:00","description":"Pa\u00f1uelo fruto rojo. Pa\u00f1uelo 100% seda \u00a0(Gasa Chif\u00f3n 180x90) pintado a mano, los tintes usados son naturales o de la marca\u00a0 H. DUPONT","breadcrumb":{"@id":"https:\/\/ambikostudio.com\/producto\/panuelo-fruto-rojo\/#breadcrumb"},"inLanguage":"eu","potentialAction":[{"@type":"ReadAction","target":["https:\/\/ambikostudio.com\/producto\/panuelo-fruto-rojo\/"]}]},{"@type":"BreadcrumbList","@id":"https:\/\/ambikostudio.com\/producto\/panuelo-fruto-rojo\/#breadcrumb","itemListElement":[{"@type":"ListItem","position":1,"name":"inicio","item":"https:\/\/ambikostudio.com\/"},{"@type":"ListItem","position":2,"name":"Tienda","item":"https:\/\/ambikostudio.com\/tienda\/"},{"@type":"ListItem","position":3,"name":"Telas Recicladas","item":"https:\/\/ambikostudio.com\/categoria-producto\/telas-recicladas\/"},{"@type":"ListItem","position":4,"name":"Pa\u00f1uelos \/ Zapiak","item":"https:\/\/ambikostudio.com\/categoria-producto\/telas-recicladas\/panuelos\/"},{"@type":"ListItem","position":5,"name":"Pa\u00f1uelos 180\u00d790","item":"https:\/\/ambikostudio.com\/categoria-producto\/telas-recicladas\/panuelos\/panuelo-crep-georgette-180x90\/"},{"@type":"ListItem","position":6,"name":"PA\u00d1UELO FRUTO ROJO"}]},{"@type":"WebSite","@id":"https:\/\/ambikostudio.com\/#website","url":"https:\/\/ambikostudio.com\/","name":"AM Biko Studio","description":"Dise\u00f1adora artesana de alpargatas y textil","potentialAction":[{"@type":"SearchAction","target":{"@type":"EntryPoint","urlTemplate":"https:\/\/ambikostudio.com\/?s={search_term_string}"},"query-input":"required name=search_term_string"}],"inLanguage":"eu"}]}},"_links":{"self":[{"href":"https:\/\/ambikostudio.com\/eu\/wp-json\/wp\/v2\/product\/2264"}],"collection":[{"href":"https:\/\/ambikostudio.com\/eu\/wp-json\/wp\/v2\/product"}],"about":[{"href":"https:\/\/ambikostudio.com\/eu\/wp-json\/wp\/v2\/types\/product"}],"replies":[{"embeddable":true,"href":"https:\/\/ambikostudio.com\/eu\/wp-json\/wp\/v2\/comments?post=2264"}],"wp:featuredmedia":[{"embeddable":true,"href":"https:\/\/ambikostudio.com\/eu\/wp-json\/wp\/v2\/media\/2204"}],"wp:attachment":[{"href":"https:\/\/ambikostudio.com\/eu\/wp-json\/wp\/v2\/media?parent=2264"}],"wp:term":[{"taxonomy":"product_cat","embeddable":true,"href":"https:\/\/ambikostudio.com\/eu\/wp-json\/wp\/v2\/product_cat?post=2264"},{"taxonomy":"product_tag","embeddable":true,"href":"https:\/\/ambikostudio.com\/eu\/wp-json\/wp\/v2\/product_tag?post=2264"}],"curies":[{"name":"wp","href":"https:\/\/api.w.org\/{rel}","templated":true}]}}