{"id":5200,"date":"2024-03-22T17:06:47","date_gmt":"2024-03-22T17:06:47","guid":{"rendered":"https:\/\/ambikostudio.com\/?post_type=product&#038;p=5200"},"modified":"2024-05-08T16:41:52","modified_gmt":"2024-05-08T16:41:52","slug":"falda-larga-con-vuelo-en-tonos-naranjas","status":"publish","type":"product","link":"https:\/\/ambikostudio.com\/eu\/produktua\/falda-larga-con-vuelo-en-tonos-naranjas\/","title":{"rendered":"GONA NARANJA"},"content":{"rendered":"<p>Hegaldi luzeko gona, lore motibo laranjekin.<br \/>\nMortairuzko zeta leuneko ehun distiratsua (irazkian eta bilbean),Ahimsa kalitatekoa. Zeta nekazaritza biologikotik dator. etaindarkeriarik gabe gertatzen da (zeta organikoa eta ez bortitza).Kapulu hutsetako zeta-hari laburrak irabiatu eta makinaz ehuntzendira tradizioz, eta horrek ematen dio ehunari bereizgarri.<\/p>","protected":false},"excerpt":{"rendered":"<p>Sat\u00e9n ligero y brillante con elastano. Precioso tejido brillante de suave seda de morera (en urdimbre y trama), en calidad Ahimsa. La seda proviene de agricultura biol\u00f3gica. y se produce sin violencia (seda org\u00e1nica y no violenta). Los cortos hilos de seda de los capullos vac\u00edos se hilan y tejen tradicionalmente a m\u00e1quina, lo que [&hellip;]<\/p>","protected":false},"featured_media":5203,"comment_status":"closed","ping_status":"closed","template":"","meta":[],"product_cat":[165,157],"product_tag":[],"yoast_head":"<!-- This site is optimized with the Yoast SEO plugin v21.9.1 - https:\/\/yoast.com\/wordpress\/plugins\/seo\/ -->\n<title>FALDA NARANJA - AM Biko Studio<\/title>\n<meta name=\"robots\" content=\"index, follow, max-snippet:-1, max-image-preview:large, max-video-preview:-1\" \/>\n<link rel=\"canonical\" href=\"https:\/\/ambikostudio.com\/eu\/produktua\/falda-larga-con-vuelo-en-tonos-naranjas\/\" \/>\n<meta property=\"og:locale\" content=\"en_US\" \/>\n<meta property=\"og:type\" content=\"article\" \/>\n<meta property=\"og:title\" content=\"FALDA NARANJA - AM Biko Studio\" \/>\n<meta property=\"og:description\" content=\"Sat\u00e9n ligero y brillante con elastano. Precioso tejido brillante de suave seda de morera (en urdimbre y trama), en calidad Ahimsa. La seda proviene de agricultura biol\u00f3gica. y se produce sin violencia (seda org\u00e1nica y no violenta). Los cortos hilos de seda de los capullos vac\u00edos se hilan y tejen tradicionalmente a m\u00e1quina, lo que [&hellip;]\" \/>\n<meta property=\"og:url\" content=\"https:\/\/ambikostudio.com\/eu\/produktua\/falda-larga-con-vuelo-en-tonos-naranjas\/\" \/>\n<meta property=\"og:site_name\" content=\"AM Biko Studio\" \/>\n<meta property=\"article:publisher\" content=\"https:\/\/www.facebook.com\/ambikostudio\" \/>\n<meta property=\"article:modified_time\" content=\"2024-05-08T16:41:52+00:00\" \/>\n<meta property=\"og:image\" content=\"https:\/\/ambikostudio.com\/wp-content\/uploads\/2024\/03\/18.jpg\" \/>\n\t<meta property=\"og:image:width\" content=\"492\" \/>\n\t<meta property=\"og:image:height\" content=\"581\" \/>\n\t<meta property=\"og:image:type\" content=\"image\/jpeg\" \/>\n<meta name=\"twitter:card\" content=\"summary_large_image\" \/>\n<meta name=\"twitter:label1\" content=\"Est. reading time\" \/>\n\t<meta name=\"twitter:data1\" content=\"1 minutua\" \/>\n<script type=\"application\/ld+json\" class=\"yoast-schema-graph\">{\"@context\":\"https:\/\/schema.org\",\"@graph\":[{\"@type\":\"WebPage\",\"@id\":\"https:\/\/ambikostudio.com\/producto\/falda-larga-con-vuelo-en-tonos-naranjas\/\",\"url\":\"https:\/\/ambikostudio.com\/producto\/falda-larga-con-vuelo-en-tonos-naranjas\/\",\"name\":\"FALDA NARANJA - AM Biko Studio\",\"isPartOf\":{\"@id\":\"https:\/\/ambikostudio.com\/#website\"},\"datePublished\":\"2024-03-22T17:06:47+00:00\",\"dateModified\":\"2024-05-08T16:41:52+00:00\",\"breadcrumb\":{\"@id\":\"https:\/\/ambikostudio.com\/producto\/falda-larga-con-vuelo-en-tonos-naranjas\/#breadcrumb\"},\"inLanguage\":\"eu\",\"potentialAction\":[{\"@type\":\"ReadAction\",\"target\":[\"https:\/\/ambikostudio.com\/producto\/falda-larga-con-vuelo-en-tonos-naranjas\/\"]}]},{\"@type\":\"BreadcrumbList\",\"@id\":\"https:\/\/ambikostudio.com\/producto\/falda-larga-con-vuelo-en-tonos-naranjas\/#breadcrumb\",\"itemListElement\":[{\"@type\":\"ListItem\",\"position\":1,\"name\":\"inicio\",\"item\":\"https:\/\/ambikostudio.com\/\"},{\"@type\":\"ListItem\",\"position\":2,\"name\":\"Tienda\",\"item\":\"https:\/\/ambikostudio.com\/tienda\/\"},{\"@type\":\"ListItem\",\"position\":3,\"name\":\"Telas Pintadas\",\"item\":\"https:\/\/ambikostudio.com\/categoria-producto\/tela-pintada\/\"},{\"@type\":\"ListItem\",\"position\":4,\"name\":\"Piezas de Ropa\",\"item\":\"https:\/\/ambikostudio.com\/categoria-producto\/tela-pintada\/ropa\/\"},{\"@type\":\"ListItem\",\"position\":5,\"name\":\"FALDA NARANJA\"}]},{\"@type\":\"WebSite\",\"@id\":\"https:\/\/ambikostudio.com\/#website\",\"url\":\"https:\/\/ambikostudio.com\/\",\"name\":\"AM Biko Studio\",\"description\":\"Dise\u00f1adora artesana de alpargatas y textil\",\"potentialAction\":[{\"@type\":\"SearchAction\",\"target\":{\"@type\":\"EntryPoint\",\"urlTemplate\":\"https:\/\/ambikostudio.com\/?s={search_term_string}\"},\"query-input\":\"required name=search_term_string\"}],\"inLanguage\":\"eu\"}]}<\/script>\n<!-- \/ Yoast SEO plugin. -->","yoast_head_json":{"title":"FALDA NARANJA - AM Biko Studio","robots":{"index":"index","follow":"follow","max-snippet":"max-snippet:-1","max-image-preview":"max-image-preview:large","max-video-preview":"max-video-preview:-1"},"canonical":"https:\/\/ambikostudio.com\/eu\/produktua\/falda-larga-con-vuelo-en-tonos-naranjas\/","og_locale":"en_US","og_type":"article","og_title":"FALDA NARANJA - AM Biko Studio","og_description":"Sat\u00e9n ligero y brillante con elastano. Precioso tejido brillante de suave seda de morera (en urdimbre y trama), en calidad Ahimsa. La seda proviene de agricultura biol\u00f3gica. y se produce sin violencia (seda org\u00e1nica y no violenta). Los cortos hilos de seda de los capullos vac\u00edos se hilan y tejen tradicionalmente a m\u00e1quina, lo que [&hellip;]","og_url":"https:\/\/ambikostudio.com\/eu\/produktua\/falda-larga-con-vuelo-en-tonos-naranjas\/","og_site_name":"AM Biko Studio","article_publisher":"https:\/\/www.facebook.com\/ambikostudio","article_modified_time":"2024-05-08T16:41:52+00:00","og_image":[{"width":492,"height":581,"url":"https:\/\/ambikostudio.com\/wp-content\/uploads\/2024\/03\/18.jpg","type":"image\/jpeg"}],"twitter_card":"summary_large_image","twitter_misc":{"Est. reading time":"1 minutua"},"schema":{"@context":"https:\/\/schema.org","@graph":[{"@type":"WebPage","@id":"https:\/\/ambikostudio.com\/producto\/falda-larga-con-vuelo-en-tonos-naranjas\/","url":"https:\/\/ambikostudio.com\/producto\/falda-larga-con-vuelo-en-tonos-naranjas\/","name":"FALDA NARANJA - AM Biko Studio","isPartOf":{"@id":"https:\/\/ambikostudio.com\/#website"},"datePublished":"2024-03-22T17:06:47+00:00","dateModified":"2024-05-08T16:41:52+00:00","breadcrumb":{"@id":"https:\/\/ambikostudio.com\/producto\/falda-larga-con-vuelo-en-tonos-naranjas\/#breadcrumb"},"inLanguage":"eu","potentialAction":[{"@type":"ReadAction","target":["https:\/\/ambikostudio.com\/producto\/falda-larga-con-vuelo-en-tonos-naranjas\/"]}]},{"@type":"BreadcrumbList","@id":"https:\/\/ambikostudio.com\/producto\/falda-larga-con-vuelo-en-tonos-naranjas\/#breadcrumb","itemListElement":[{"@type":"ListItem","position":1,"name":"inicio","item":"https:\/\/ambikostudio.com\/"},{"@type":"ListItem","position":2,"name":"Tienda","item":"https:\/\/ambikostudio.com\/tienda\/"},{"@type":"ListItem","position":3,"name":"Telas Pintadas","item":"https:\/\/ambikostudio.com\/categoria-producto\/tela-pintada\/"},{"@type":"ListItem","position":4,"name":"Piezas de Ropa","item":"https:\/\/ambikostudio.com\/categoria-producto\/tela-pintada\/ropa\/"},{"@type":"ListItem","position":5,"name":"FALDA NARANJA"}]},{"@type":"WebSite","@id":"https:\/\/ambikostudio.com\/#website","url":"https:\/\/ambikostudio.com\/","name":"AM Biko Studio","description":"Dise\u00f1adora artesana de alpargatas y textil","potentialAction":[{"@type":"SearchAction","target":{"@type":"EntryPoint","urlTemplate":"https:\/\/ambikostudio.com\/?s={search_term_string}"},"query-input":"required name=search_term_string"}],"inLanguage":"eu"}]}},"_links":{"self":[{"href":"https:\/\/ambikostudio.com\/eu\/wp-json\/wp\/v2\/product\/5200"}],"collection":[{"href":"https:\/\/ambikostudio.com\/eu\/wp-json\/wp\/v2\/product"}],"about":[{"href":"https:\/\/ambikostudio.com\/eu\/wp-json\/wp\/v2\/types\/product"}],"replies":[{"embeddable":true,"href":"https:\/\/ambikostudio.com\/eu\/wp-json\/wp\/v2\/comments?post=5200"}],"wp:featuredmedia":[{"embeddable":true,"href":"https:\/\/ambikostudio.com\/eu\/wp-json\/wp\/v2\/media\/5203"}],"wp:attachment":[{"href":"https:\/\/ambikostudio.com\/eu\/wp-json\/wp\/v2\/media?parent=5200"}],"wp:term":[{"taxonomy":"product_cat","embeddable":true,"href":"https:\/\/ambikostudio.com\/eu\/wp-json\/wp\/v2\/product_cat?post=5200"},{"taxonomy":"product_tag","embeddable":true,"href":"https:\/\/ambikostudio.com\/eu\/wp-json\/wp\/v2\/product_tag?post=5200"}],"curies":[{"name":"wp","href":"https:\/\/api.w.org\/{rel}","templated":true}]}}